{"id":1563,"date":"2023-02-09T22:06:47","date_gmt":"2023-02-09T22:06:47","guid":{"rendered":"https:\/\/villadalbo.se\/?page_id=1563"},"modified":"2024-01-08T16:14:43","modified_gmt":"2024-01-08T16:14:43","slug":"hyra-stuga","status":"publish","type":"page","link":"https:\/\/villadalbo.se\/en\/hyra-stuga\/","title":{"rendered":"Hyr stuga p\u00e5 Ulv\u00f6n"},"content":{"rendered":"<div  class=\"tatsu-B1Mwr_uYi tatsu-section  tatsu-bg-overlay tatsu-hide-desktop tatsu-hide-laptop   tatsu-clearfix\" data-title=\"Topp Mobil\"  data-headerscheme=\"background--dark\"><div class='tatsu-section-pad clearfix' data-padding='{\"d\":\"90px 0px 90px 0px\",\"m\":\"0px 0px 22px 0px\",\"t\":\"0px 0px 15px 0px\"}' data-padding-top='0px'><div class=\"tatsu-row-wrap  tatsu-row-full-width tatsu-row-one-col tatsu-row-has-one-cols tatsu-medium-gutter tatsu-reg-cols  tatsu-clearfix tatsu-SygMvBduKo\" ><div  class=\"tatsu-row\" ><div  class=\"tatsu-column  tatsu-bg-overlay tatsu-one-col tatsu-column-image-none tatsu-column-effect-none  tatsu-rybfvBddFo\"  data-parallax-speed=\"0\" style=\"\"><div class=\"tatsu-column-inner\" ><div class=\"tatsu-column-pad-wrap\"><div class=\"tatsu-column-pad\" ><div  class=\"tatsu-single-image tatsu-module align-center tatsu-animate tatsu-image-overflow  tatsu-H1GGvr__Fs\" data-animation=\"slideInDown\"  ><div class=\"tatsu-single-image-inner\" style=\"\" ><div class = \"tatsu-single-image-padding-wrap\" style = \"padding-bottom : 109.625%;\" ><\/div><img class = \"tatsu-gradient-border\" alt = \"\" title = \"topp_mobil_boka\" srcset = \"https:\/\/villadalbo.se\/wp-content\/uploads\/2022\/12\/topp_mobil_boka-jpg.webp 800w, https:\/\/villadalbo.se\/wp-content\/uploads\/2022\/12\/topp_mobil_boka-274x300.webp 274w, https:\/\/villadalbo.se\/wp-content\/uploads\/2022\/12\/topp_mobil_boka-768x842.webp 768w, https:\/\/villadalbo.se\/wp-content\/uploads\/2022\/12\/topp_mobil_boka-11x12.webp 11w, https:\/\/villadalbo.se\/wp-content\/uploads\/2022\/12\/topp_mobil_boka-46x50.webp 46w, https:\/\/villadalbo.se\/wp-content\/uploads\/2022\/12\/topp_mobil_boka-650x713.webp 650w, https:\/\/villadalbo.se\/wp-content\/uploads\/2022\/12\/topp_mobil_boka-50x55.webp 50w\" sizes = \"(max-width: 800px) 100vw, 800px\" src =\"data:image\/png;base64,iVBORw0KGgoAAAANSUhEUgAAAAEAAAABCAQAAAC1HAwCAAAAC0lEQVR42mNkYAAAAAYAAjCB0C8AAAAASUVORK5CYII=\"  \/><\/div><style>.tatsu-H1GGvr__Fs .tatsu-single-image-inner{border-style: solid;width: 100%;}.tatsu-H1GGvr__Fs.tatsu-single-image{transform: translate3d(0px,0px, 0);}@media only screen and (min-width:768px) and (max-width: 1024px) {.tatsu-H1GGvr__Fs{padding: 70px 0px 0px 0px;}}@media only screen and (max-width: 767px) {.tatsu-H1GGvr__Fs{margin: 0px 0 0 0;padding: 70px 0px 0px 0px;}}<\/style><\/div><div  class=\"tatsu-module tatsu-inline-text clearfix tatsu-BJXfvr_uYs\" ><style>.tatsu-BJXfvr_uYs .tatsu-inline-text-inner{width: 100%;text-align: left;}@media only screen and (max-width: 767px) {.tatsu-BJXfvr_uYs .tatsu-inline-text-inner{width: 100%;padding: 30px 0px 0px 0px;}}<\/style><div class=\"tatsu-inline-text-inner tatsu-align-center\">\n<h1 style=\"text-align: center;\"><span class=\"palette-2\">Hyr er stuga p\u00e5 Ulv\u00f6n<\/span><\/h1>\n<\/div><\/div><div  class=\"tatsu-module tatsu-inline-text clearfix tatsu-H152Bqsti  ingress3\" ><style>.tatsu-H152Bqsti .tatsu-inline-text-inner{width: 87%;text-align: center;padding: 0px 23% 0px 23%;}.tatsu-H152Bqsti.tatsu-inline-text{margin: 60px 0px 30px 0px;}.tatsu-H152Bqsti.tatsu-inline-text .tatsu-inline-text-inner *{}@media only screen and (max-width:1377px) {.tatsu-H152Bqsti .tatsu-inline-text-inner{width: 79%;padding: 0px 10% 0px 10%;}}@media only screen and (min-width:768px) and (max-width: 1024px) {.tatsu-H152Bqsti .tatsu-inline-text-inner{width: 100%;padding: 0px 10% 0px 10%;}.tatsu-H152Bqsti.tatsu-inline-text{margin: 20px 0px 0px 0px;}}@media only screen and (max-width: 767px) {.tatsu-H152Bqsti.tatsu-inline-text{margin: 0px 0px 0px 0px;}.tatsu-H152Bqsti.tatsu-inline-text .tatsu-inline-text-inner *{}.tatsu-H152Bqsti .tatsu-inline-text-inner{padding: 0px 5% 0px 5%;}}<\/style><div class=\"tatsu-inline-text-inner tatsu-align-center\">\n<h2>Koppla av i v\u00e5r stuga med hotell-feeling.<\/h2>\n<\/div><\/div><\/div><\/div><div class = \"tatsu-column-bg-image-wrap\"><div class = \"tatsu-column-bg-image\" ><\/div><\/div><div class=\"tatsu-overlay tatsu-column-overlay tatsu-animate-none\" ><\/div><\/div><style>.tatsu-row > .tatsu-rybfvBddFo.tatsu-column{width: 100%;}.tatsu-rybfvBddFo.tatsu-column > .tatsu-column-inner > .tatsu-column-overlay{mix-blend-mode: normal;}.tatsu-rybfvBddFo > .tatsu-column-inner > .tatsu-top-divider{z-index: 9999;}.tatsu-rybfvBddFo > .tatsu-column-inner > .tatsu-bottom-divider{z-index: 9999;}.tatsu-rybfvBddFo > .tatsu-column-inner > .tatsu-left-divider{z-index: 9999;}.tatsu-rybfvBddFo > .tatsu-column-inner > .tatsu-right-divider{z-index: 9999;}@media only screen and (max-width:1377px) {.tatsu-row > .tatsu-rybfvBddFo.tatsu-column{width: 100%;}}@media only screen and (min-width:768px) and (max-width: 1024px) {.tatsu-row > .tatsu-rybfvBddFo.tatsu-column{width: 100%;}}@media only screen and (max-width: 767px) {.tatsu-row > .tatsu-rybfvBddFo.tatsu-column{width: 100%;}}<\/style><\/div><\/div><\/div><\/div><div class=\"tatsu-section-background-wrap\"><div class = \"tatsu-section-background\" ><\/div><\/div><div class=\"tatsu-overlay tatsu-section-overlay\"><\/div><style>.tatsu-B1Mwr_uYi .tatsu-section-pad{padding: 90px 0px 90px 0px;}.tatsu-B1Mwr_uYi .tatsu-section-offset-wrap{transform: translateY(-0px);}.tatsu-B1Mwr_uYi > .tatsu-bottom-divider{z-index: 9999;}.tatsu-B1Mwr_uYi > .tatsu-top-divider{z-index: 9999;}.tatsu-B1Mwr_uYi .tatsu-section-overlay{mix-blend-mode: normal;}@media only screen and (min-width:768px) and (max-width: 1024px) {.tatsu-B1Mwr_uYi .tatsu-section-pad{padding: 0px 0px 15px 0px;}}@media only screen and (max-width: 767px) {.tatsu-B1Mwr_uYi .tatsu-section-pad{padding: 0px 0px 22px 0px;}}<\/style><\/div><div  class=\"tatsu-HkB_H_uYs tatsu-section  tatsu-fullscreen tatsu-bg-overlay tatsu-hide-0 tatsu-hide-tablet tatsu-hide-mobile   tatsu-clearfix\" data-title=\"\"  data-headerscheme=\"background--dark\"><div class=\"tatsu-fullscreen-wrap\"><div class='tatsu-section-pad clearfix' data-padding='{\"d\":\"120px 0px 120px 0px \",\"m\":\"60% 0px 60% 0px\"}' data-padding-top='60%'><div class=\"tatsu-row-wrap  tatsu-row-full-width tatsu-row-one-col tatsu-row-has-one-cols tatsu-medium-gutter tatsu-reg-cols  tatsu-clearfix tatsu-H1xSurduKo\" ><div  class=\"tatsu-row\" ><div  class=\"tatsu-column  tatsu-column-no-bg tatsu-one-col tatsu-column-image-none tatsu-column-effect-none  tatsu-SkWHuSOuFj\"  data-parallax-speed=\"0\" style=\"\"><div class=\"tatsu-column-inner\" ><div class=\"tatsu-column-pad-wrap\"><div class=\"tatsu-column-pad\" ><div  class=\"tatsu-module tatsu-inline-text clearfix tatsu-SyGS_ru_Ki\" ><style>.tatsu-SyGS_ru_Ki .tatsu-inline-text-inner{width: 100%;text-align: center;padding: 150px 23% 0px 23%;}.tatsu-SyGS_ru_Ki.tatsu-inline-text{margin: 0px 0px 20px 0px;}.tatsu-SyGS_ru_Ki.tatsu-inline-text .tatsu-inline-text-inner *{}@media only screen and (max-width:1377px) {.tatsu-SyGS_ru_Ki .tatsu-inline-text-inner{width: 100%;padding: 100px 10% 0px 10%;}.tatsu-SyGS_ru_Ki.tatsu-inline-text .tatsu-inline-text-inner *{}}@media only screen and (max-width: 767px) {.tatsu-SyGS_ru_Ki .tatsu-inline-text-inner{width: 96%;padding: 0px 5% 0px 5%;}.tatsu-SyGS_ru_Ki.tatsu-inline-text .tatsu-inline-text-inner *{}}<\/style><div class=\"tatsu-inline-text-inner tatsu-align-center\">\n<h1><span class=\"palette-1\">Hyr er stuga p\u00e5 ulv\u00f6n<\/span><\/h1>\n<\/div><\/div><div  class=\"tatsu-module tatsu-divider-wrap  tatsu-H1yLIcjFo\"  ><style>.tatsu-H1yLIcjFo .tatsu-divider{height: 5px;width: 8%;background: #efefef;}.tatsu-H1yLIcjFo.tatsu-divider-wrap{text-align: center;margin: 30px 0px 55px 0px;}<\/style><hr class=\"tatsu-divider\"\/><\/div><div  class=\"tatsu-module tatsu-inline-text clearfix tatsu-rJfqkD_dFs  ingress3\" ><style>.tatsu-rJfqkD_dFs .tatsu-inline-text-inner{width: 87%;text-align: center;padding: 0px 23% 0px 23%;}.tatsu-rJfqkD_dFs.tatsu-inline-text .tatsu-inline-text-inner *{}@media only screen and (max-width:1377px) {.tatsu-rJfqkD_dFs .tatsu-inline-text-inner{width: 79%;padding: 0px 10% 0px 10%;}}@media only screen and (min-width:768px) and (max-width: 1024px) {.tatsu-rJfqkD_dFs .tatsu-inline-text-inner{width: 100%;padding: 0px 10% 0px 10%;}}@media only screen and (max-width: 767px) {.tatsu-rJfqkD_dFs.tatsu-inline-text{margin: 30px 0px 30px 0px;}.tatsu-rJfqkD_dFs.tatsu-inline-text .tatsu-inline-text-inner *{}.tatsu-rJfqkD_dFs .tatsu-inline-text-inner{padding: 0px 5% 0px 5%;}}<\/style><div class=\"tatsu-inline-text-inner tatsu-align-center\">\n<h2><span class=\"palette-1\">Koppla av i v\u00e5r stuga med hotell-feeling.<\/span><\/h2>\n<\/div><\/div><\/div><\/div><div class = \"tatsu-column-bg-image-wrap\"><div class = \"tatsu-column-bg-image\" ><\/div><\/div><\/div><style>.tatsu-row > .tatsu-SkWHuSOuFj.tatsu-column{width: 100%;}.tatsu-SkWHuSOuFj.tatsu-column > .tatsu-column-inner > .tatsu-column-overlay{mix-blend-mode: none;}.tatsu-SkWHuSOuFj > .tatsu-column-inner > .tatsu-top-divider{z-index: 9999;}.tatsu-SkWHuSOuFj > .tatsu-column-inner > .tatsu-bottom-divider{z-index: 9999;}.tatsu-SkWHuSOuFj > .tatsu-column-inner > .tatsu-left-divider{z-index: 9999;}.tatsu-SkWHuSOuFj > .tatsu-column-inner > .tatsu-right-divider{z-index: 9999;}<\/style><\/div><\/div><\/div><\/div><div class=\"tatsu-section-background-wrap\"><div class = \"tatsu-section-background\" ><\/div><\/div><div class=\"tatsu-overlay tatsu-section-overlay\"><\/div><\/div><style>.tatsu-HkB_H_uYs .tatsu-section-background{background-image: url(https:\/\/villadalbo.se\/wp-content\/uploads\/2022\/12\/IMG_4713-jpeg.webp);background-repeat: no-repeat;background-attachment: scroll;background-position: center center;background-size: cover;}.tatsu-HkB_H_uYs .tatsu-bg-blur{background-repeat: no-repeat;background-attachment: scroll;background-position: center center;background-size: cover;}.tatsu-HkB_H_uYs .tatsu-section-pad{padding: 120px 0px 120px 0px ;}.tatsu-HkB_H_uYs > .tatsu-bottom-divider{z-index: 9999;}.tatsu-HkB_H_uYs > .tatsu-top-divider{z-index: 9999;}.tatsu-HkB_H_uYs .tatsu-section-overlay{background: rgba(0,0,0,0.5);mix-blend-mode: multiply;}.tatsu-HkB_H_uYs .tatsu-fullscreen-wrap{align-items: center;}@media only screen and (max-width: 767px) {.tatsu-HkB_H_uYs .tatsu-section-background{background-size: cover;}.tatsu-HkB_H_uYs .tatsu-bg-blur{background-size: cover;}.tatsu-HkB_H_uYs .tatsu-section-pad{padding: 60% 0px 60% 0px;}}<\/style><\/div><div  class=\"tatsu-B1aUZtvFs tatsu-section    tatsu-clearfix\" data-title=\"\"  data-headerscheme=\"background--dark\"><div class='tatsu-section-pad clearfix' data-padding='{\"d\":\"50px 23% 48px 23%\",\"m\":\"0px 5% 77px 5%\",\"t\":\"0px 10% 77px 10%\"}' data-padding-top='0px'><div class=\"tatsu-row-wrap  tatsu-wrap tatsu-row-one-col tatsu-row-has-one-cols tatsu-medium-gutter tatsu-reg-cols  tatsu-clearfix tatsu-HJgTLWtvYs\" ><div  class=\"tatsu-row\" ><div  class=\"tatsu-column  tatsu-column-no-bg tatsu-one-col tatsu-column-align-top tatsu-column-image-none tatsu-column-effect-none  tatsu-SyZ68ZtvFo\"  data-parallax-speed=\"0\" style=\"\"><div class=\"tatsu-column-inner\" ><div class=\"tatsu-column-pad-wrap\"><div class=\"tatsu-column-pad\" ><div  class=\"tatsu-module tatsu-inline-text clearfix tatsu-r1QpU-YPts  ingress3\" ><style>.tatsu-r1QpU-YPts .tatsu-inline-text-inner{width: 100%;text-align: center;padding: 0px 0px 18px 0px;}.tatsu-r1QpU-YPts.tatsu-inline-text{margin: 0px 0px 0px 0px;}@media only screen and (max-width:1377px) {.tatsu-r1QpU-YPts .tatsu-inline-text-inner{width: 74%;}}@media only screen and (max-width: 767px) {.tatsu-r1QpU-YPts .tatsu-inline-text-inner{width: 100%;}}<\/style><div class=\"tatsu-inline-text-inner tatsu-align-center\">\n<p><span class=\"palette-2\">Pricing is based on time of year, number of people and number of days. <\/span><span class=\"palette-2\">Prices are per night and the minimum number is 2 nights.<\/span><\/p>\n<\/div><\/div><div  class=\"tatsu-module tatsu-inline-text clearfix tatsu-SkYzgxmTi\" ><style>.tatsu-SkYzgxmTi .tatsu-inline-text-inner{width: 100%;text-align: center;padding: 0px 0px 18px 0px;}.tatsu-SkYzgxmTi.tatsu-inline-text{margin: 0px 0px 0px 0px;}@media only screen and (max-width:1377px) {.tatsu-SkYzgxmTi .tatsu-inline-text-inner{width: 74%;}}@media only screen and (max-width: 767px) {.tatsu-SkYzgxmTi .tatsu-inline-text-inner{width: 100%;}}<\/style><div class=\"tatsu-inline-text-inner tatsu-align-center\">\n<p>Stugan \u00e4r placerad mitt i Ulv\u00f6hamn p\u00e5 Ulv\u00f6n med utsikt \u00f6ver havet. Det finns en fantastisk butik med det mesta man beh\u00f6ver som ocks\u00e5 \u00e4r ombud f\u00f6r Systembolaget. K\u00e4nner man f\u00f6r att g\u00e5 ut och \u00e4ta finns fler restauranger d\u00e4ribland v\u00e5ran restaurang <a href=\"https:\/\/www.bistroruben.se\" target=\"_blank\" rel=\"noopener\">Bistro Ruben<\/a>.\u00a0<\/p>\n<\/div><\/div><div  class=\"tatsu-module tatsu-normal-button tatsu-button-wrap align-block block-center  tatsu-Ska3lJdhs\"><a class=\"tatsu-shortcode x-largebtn tatsu-button left-icon circular   bg-animation-none\" href=\"..\/lilla_dalbo\" style= \"\"  aria-label=\"Read more about our cabin\" data-gdpr-atts=\"{}\" >Read more about our cabin<\/a><style>.tatsu-Ska3lJdhs .tatsu-button{background-color: rgba(248,193,88,1);color: rgba(255,255,255,1) ;}.tatsu-Ska3lJdhs .tatsu-button:hover{background-color: #222222;}.tatsu-Ska3lJdhs.tatsu-normal-button{margin: 20px 0px 35px 0px;}<\/style><\/div><\/div><\/div><div class = \"tatsu-column-bg-image-wrap\"><div class = \"tatsu-column-bg-image\" ><\/div><\/div><\/div><style>.tatsu-row > .tatsu-SyZ68ZtvFo.tatsu-column{width: 100%;}.tatsu-SyZ68ZtvFo.tatsu-column > .tatsu-column-inner > .tatsu-column-overlay{mix-blend-mode: none;}.tatsu-SyZ68ZtvFo > .tatsu-column-inner > .tatsu-top-divider{z-index: 9999;}.tatsu-SyZ68ZtvFo > .tatsu-column-inner > .tatsu-bottom-divider{z-index: 9999;}.tatsu-SyZ68ZtvFo > .tatsu-column-inner > .tatsu-left-divider{z-index: 9999;}.tatsu-SyZ68ZtvFo > .tatsu-column-inner > .tatsu-right-divider{z-index: 9999;}@media only screen and (max-width:1377px) {.tatsu-row > .tatsu-SyZ68ZtvFo.tatsu-column{width: 100%;}}@media only screen and (min-width:768px) and (max-width: 1024px) {.tatsu-row > .tatsu-SyZ68ZtvFo.tatsu-column{width: 100%;}}@media only screen and (max-width: 767px) {.tatsu-row > .tatsu-SyZ68ZtvFo.tatsu-column{width: 100%;}}<\/style><\/div><\/div><\/div><\/div><div class=\"tatsu-section-background-wrap\"><div class = \"tatsu-section-background\" ><\/div><\/div><style>.tatsu-B1aUZtvFs .tatsu-section-pad{padding: 50px 23% 48px 23%;}.tatsu-B1aUZtvFs > .tatsu-bottom-divider{z-index: 9999;}.tatsu-B1aUZtvFs > .tatsu-top-divider{z-index: 9999;}@media only screen and (min-width:768px) and (max-width: 1024px) {.tatsu-B1aUZtvFs .tatsu-section-pad{padding: 0px 10% 77px 10%;}}@media only screen and (max-width: 767px) {.tatsu-B1aUZtvFs .tatsu-section-pad{padding: 0px 5% 77px 5%;}}<\/style><\/div>","protected":false},"excerpt":{"rendered":"<p><a href=\"https:\/\/villadalbo.se\/en\/hyra-stuga\/\" class=\"more-link style1-button\">Read More<\/a><\/p>","protected":false},"author":3,"featured_media":1695,"parent":0,"menu_order":0,"comment_status":"closed","ping_status":"closed","template":"","meta":{"footnotes":""},"class_list":["post-1563","page","type-page","status-publish","has-post-thumbnail","hentry"],"yoast_head":"<!-- This site is optimized with the Yoast SEO plugin v27.4 - https:\/\/yoast.com\/product\/yoast-seo-wordpress\/ -->\n<title>Hyr stuga p\u00e5 Ulv\u00f6n &#8226; Villa Dalbo<\/title>\n<meta name=\"description\" content=\"Hyr din egna stuga med utsikt \u00f6ver Ulv\u00f6hamn och havet.\" \/>\n<meta name=\"robots\" content=\"index, follow, max-snippet:-1, max-image-preview:large, max-video-preview:-1\" \/>\n<link rel=\"canonical\" href=\"https:\/\/villadalbo.se\/en\/hyra-stuga\/\" \/>\n<meta property=\"og:locale\" content=\"en_GB\" \/>\n<meta property=\"og:type\" content=\"article\" \/>\n<meta property=\"og:title\" content=\"Hyr stuga p\u00e5 Ulv\u00f6n &#8226; Villa Dalbo\" \/>\n<meta property=\"og:description\" content=\"Hyr din egna stuga med utsikt \u00f6ver Ulv\u00f6hamn och havet.\" \/>\n<meta property=\"og:url\" content=\"https:\/\/villadalbo.se\/en\/hyra-stuga\/\" \/>\n<meta property=\"og:site_name\" content=\"Villa Dalbo\" \/>\n<meta property=\"article:publisher\" content=\"https:\/\/www.facebook.com\/villadalboulvon\" \/>\n<meta property=\"article:modified_time\" content=\"2024-01-08T16:14:43+00:00\" \/>\n<meta property=\"og:image\" content=\"https:\/\/villadalbo.se\/wp-content\/uploads\/2023\/08\/lilladalbo_kvall-jpg.webp\" \/>\n\t<meta property=\"og:image:width\" content=\"2000\" \/>\n\t<meta property=\"og:image:height\" content=\"1333\" \/>\n\t<meta property=\"og:image:type\" content=\"image\/jpeg\" \/>\n<meta name=\"twitter:card\" content=\"summary_large_image\" \/>\n<meta name=\"twitter:label1\" content=\"Estimated reading time\" \/>\n\t<meta name=\"twitter:data1\" content=\"7 minutes\" \/>\n<script type=\"application\/ld+json\" class=\"yoast-schema-graph\">{\"@context\":\"https:\\\/\\\/schema.org\",\"@graph\":[{\"@type\":\"WebPage\",\"@id\":\"https:\\\/\\\/villadalbo.se\\\/hyra-stuga\\\/\",\"url\":\"https:\\\/\\\/villadalbo.se\\\/hyra-stuga\\\/\",\"name\":\"Hyr stuga p\u00e5 Ulv\u00f6n &#8226; Villa Dalbo\",\"isPartOf\":{\"@id\":\"https:\\\/\\\/villadalbo.se\\\/#website\"},\"primaryImageOfPage\":{\"@id\":\"https:\\\/\\\/villadalbo.se\\\/hyra-stuga\\\/#primaryimage\"},\"image\":{\"@id\":\"https:\\\/\\\/villadalbo.se\\\/hyra-stuga\\\/#primaryimage\"},\"thumbnailUrl\":\"https:\\\/\\\/villadalbo.se\\\/wp-content\\\/uploads\\\/2023\\\/08\\\/lilladalbo_kvall-jpg.webp\",\"datePublished\":\"2023-02-09T22:06:47+00:00\",\"dateModified\":\"2024-01-08T16:14:43+00:00\",\"description\":\"Hyr din egna stuga med utsikt \u00f6ver Ulv\u00f6hamn och havet.\",\"breadcrumb\":{\"@id\":\"https:\\\/\\\/villadalbo.se\\\/hyra-stuga\\\/#breadcrumb\"},\"inLanguage\":\"en-GB\",\"potentialAction\":[{\"@type\":\"ReadAction\",\"target\":[\"https:\\\/\\\/villadalbo.se\\\/hyra-stuga\\\/\"]}]},{\"@type\":\"ImageObject\",\"inLanguage\":\"en-GB\",\"@id\":\"https:\\\/\\\/villadalbo.se\\\/hyra-stuga\\\/#primaryimage\",\"url\":\"https:\\\/\\\/villadalbo.se\\\/wp-content\\\/uploads\\\/2023\\\/08\\\/lilladalbo_kvall-jpg.webp\",\"contentUrl\":\"https:\\\/\\\/villadalbo.se\\\/wp-content\\\/uploads\\\/2023\\\/08\\\/lilladalbo_kvall-jpg.webp\",\"width\":2000,\"height\":1333},{\"@type\":\"BreadcrumbList\",\"@id\":\"https:\\\/\\\/villadalbo.se\\\/hyra-stuga\\\/#breadcrumb\",\"itemListElement\":[{\"@type\":\"ListItem\",\"position\":1,\"name\":\"Home\",\"item\":\"https:\\\/\\\/villadalbo.se\\\/\"},{\"@type\":\"ListItem\",\"position\":2,\"name\":\"Hyr stuga p\u00e5 Ulv\u00f6n\"}]},{\"@type\":\"WebSite\",\"@id\":\"https:\\\/\\\/villadalbo.se\\\/#website\",\"url\":\"https:\\\/\\\/villadalbo.se\\\/\",\"name\":\"Villa Dalbo\",\"description\":\"\",\"publisher\":{\"@id\":\"https:\\\/\\\/villadalbo.se\\\/#organization\"},\"alternateName\":\"Villa Dalbo Ulv\u00f6n\",\"potentialAction\":[{\"@type\":\"SearchAction\",\"target\":{\"@type\":\"EntryPoint\",\"urlTemplate\":\"https:\\\/\\\/villadalbo.se\\\/?s={search_term_string}\"},\"query-input\":{\"@type\":\"PropertyValueSpecification\",\"valueRequired\":true,\"valueName\":\"search_term_string\"}}],\"inLanguage\":\"en-GB\"},{\"@type\":\"Organization\",\"@id\":\"https:\\\/\\\/villadalbo.se\\\/#organization\",\"name\":\"Villa Dalbo\",\"alternateName\":\"Villa Dalbo Ulv\u00f6n\",\"url\":\"https:\\\/\\\/villadalbo.se\\\/\",\"logo\":{\"@type\":\"ImageObject\",\"inLanguage\":\"en-GB\",\"@id\":\"https:\\\/\\\/villadalbo.se\\\/#\\\/schema\\\/logo\\\/image\\\/\",\"url\":\"https:\\\/\\\/villadalbo.se\\\/wp-content\\\/uploads\\\/2022\\\/06\\\/cropped-Villa-Dalbo.png\",\"contentUrl\":\"https:\\\/\\\/villadalbo.se\\\/wp-content\\\/uploads\\\/2022\\\/06\\\/cropped-Villa-Dalbo.png\",\"width\":512,\"height\":512,\"caption\":\"Villa Dalbo\"},\"image\":{\"@id\":\"https:\\\/\\\/villadalbo.se\\\/#\\\/schema\\\/logo\\\/image\\\/\"},\"sameAs\":[\"https:\\\/\\\/www.facebook.com\\\/villadalboulvon\",\"https:\\\/\\\/www.instagram.com\\\/villadalbo_ulvon\\\/\"]}]}<\/script>\n<!-- \/ Yoast SEO plugin. -->","yoast_head_json":{"title":"Hyr stuga p\u00e5 Ulv\u00f6n &#8226; Villa Dalbo","description":"Hyr din egna stuga med utsikt \u00f6ver Ulv\u00f6hamn och havet.","robots":{"index":"index","follow":"follow","max-snippet":"max-snippet:-1","max-image-preview":"max-image-preview:large","max-video-preview":"max-video-preview:-1"},"canonical":"https:\/\/villadalbo.se\/en\/hyra-stuga\/","og_locale":"en_GB","og_type":"article","og_title":"Hyr stuga p\u00e5 Ulv\u00f6n &#8226; Villa Dalbo","og_description":"Hyr din egna stuga med utsikt \u00f6ver Ulv\u00f6hamn och havet.","og_url":"https:\/\/villadalbo.se\/en\/hyra-stuga\/","og_site_name":"Villa Dalbo","article_publisher":"https:\/\/www.facebook.com\/villadalboulvon","article_modified_time":"2024-01-08T16:14:43+00:00","og_image":[{"width":2000,"height":1333,"url":"https:\/\/villadalbo.se\/wp-content\/uploads\/2023\/08\/lilladalbo_kvall-jpg.webp","type":"image\/jpeg"}],"twitter_card":"summary_large_image","twitter_misc":{"Estimated reading time":"7 minutes"},"schema":{"@context":"https:\/\/schema.org","@graph":[{"@type":"WebPage","@id":"https:\/\/villadalbo.se\/hyra-stuga\/","url":"https:\/\/villadalbo.se\/hyra-stuga\/","name":"Hyr stuga p\u00e5 Ulv\u00f6n &#8226; Villa Dalbo","isPartOf":{"@id":"https:\/\/villadalbo.se\/#website"},"primaryImageOfPage":{"@id":"https:\/\/villadalbo.se\/hyra-stuga\/#primaryimage"},"image":{"@id":"https:\/\/villadalbo.se\/hyra-stuga\/#primaryimage"},"thumbnailUrl":"https:\/\/villadalbo.se\/wp-content\/uploads\/2023\/08\/lilladalbo_kvall-jpg.webp","datePublished":"2023-02-09T22:06:47+00:00","dateModified":"2024-01-08T16:14:43+00:00","description":"Hyr din egna stuga med utsikt \u00f6ver Ulv\u00f6hamn och havet.","breadcrumb":{"@id":"https:\/\/villadalbo.se\/hyra-stuga\/#breadcrumb"},"inLanguage":"en-GB","potentialAction":[{"@type":"ReadAction","target":["https:\/\/villadalbo.se\/hyra-stuga\/"]}]},{"@type":"ImageObject","inLanguage":"en-GB","@id":"https:\/\/villadalbo.se\/hyra-stuga\/#primaryimage","url":"https:\/\/villadalbo.se\/wp-content\/uploads\/2023\/08\/lilladalbo_kvall-jpg.webp","contentUrl":"https:\/\/villadalbo.se\/wp-content\/uploads\/2023\/08\/lilladalbo_kvall-jpg.webp","width":2000,"height":1333},{"@type":"BreadcrumbList","@id":"https:\/\/villadalbo.se\/hyra-stuga\/#breadcrumb","itemListElement":[{"@type":"ListItem","position":1,"name":"Home","item":"https:\/\/villadalbo.se\/"},{"@type":"ListItem","position":2,"name":"Hyr stuga p\u00e5 Ulv\u00f6n"}]},{"@type":"WebSite","@id":"https:\/\/villadalbo.se\/#website","url":"https:\/\/villadalbo.se\/","name":"Villa Dalbo","description":"","publisher":{"@id":"https:\/\/villadalbo.se\/#organization"},"alternateName":"Villa Dalbo Ulv\u00f6n","potentialAction":[{"@type":"SearchAction","target":{"@type":"EntryPoint","urlTemplate":"https:\/\/villadalbo.se\/?s={search_term_string}"},"query-input":{"@type":"PropertyValueSpecification","valueRequired":true,"valueName":"search_term_string"}}],"inLanguage":"en-GB"},{"@type":"Organization","@id":"https:\/\/villadalbo.se\/#organization","name":"Villa Dalbo","alternateName":"Villa Dalbo Ulv\u00f6n","url":"https:\/\/villadalbo.se\/","logo":{"@type":"ImageObject","inLanguage":"en-GB","@id":"https:\/\/villadalbo.se\/#\/schema\/logo\/image\/","url":"https:\/\/villadalbo.se\/wp-content\/uploads\/2022\/06\/cropped-Villa-Dalbo.png","contentUrl":"https:\/\/villadalbo.se\/wp-content\/uploads\/2022\/06\/cropped-Villa-Dalbo.png","width":512,"height":512,"caption":"Villa Dalbo"},"image":{"@id":"https:\/\/villadalbo.se\/#\/schema\/logo\/image\/"},"sameAs":["https:\/\/www.facebook.com\/villadalboulvon","https:\/\/www.instagram.com\/villadalbo_ulvon\/"]}]}},"_links":{"self":[{"href":"https:\/\/villadalbo.se\/en\/wp-json\/wp\/v2\/pages\/1563","targetHints":{"allow":["GET"]}}],"collection":[{"href":"https:\/\/villadalbo.se\/en\/wp-json\/wp\/v2\/pages"}],"about":[{"href":"https:\/\/villadalbo.se\/en\/wp-json\/wp\/v2\/types\/page"}],"author":[{"embeddable":true,"href":"https:\/\/villadalbo.se\/en\/wp-json\/wp\/v2\/users\/3"}],"replies":[{"embeddable":true,"href":"https:\/\/villadalbo.se\/en\/wp-json\/wp\/v2\/comments?post=1563"}],"version-history":[{"count":7,"href":"https:\/\/villadalbo.se\/en\/wp-json\/wp\/v2\/pages\/1563\/revisions"}],"predecessor-version":[{"id":1672,"href":"https:\/\/villadalbo.se\/en\/wp-json\/wp\/v2\/pages\/1563\/revisions\/1672"}],"wp:featuredmedia":[{"embeddable":true,"href":"https:\/\/villadalbo.se\/en\/wp-json\/wp\/v2\/media\/1695"}],"wp:attachment":[{"href":"https:\/\/villadalbo.se\/en\/wp-json\/wp\/v2\/media?parent=1563"}],"curies":[{"name":"wp","href":"https:\/\/api.w.org\/{rel}","templated":true}]}}